{"id":489,"date":"2021-04-01T13:58:26","date_gmt":"2021-04-01T16:58:26","guid":{"rendered":"https:\/\/decisionmakinglab.com.br\/?page_id=489"},"modified":"2021-05-24T22:00:48","modified_gmt":"2021-05-25T01:00:48","slug":"politica-de-cookies","status":"publish","type":"page","link":"https:\/\/viacava.com.br\/en\/politica-de-cookies\/","title":{"rendered":"Cookies Policy"},"content":{"rendered":"<h3 data-w-id=\"5923fee3-9bfe-a824-1f49-5370d3a876e0\" data-wf-id=\"[&quot;5923fee3-9bfe-a824-1f49-5370d3a876e0&quot;]\">1. Objetivo<\/h3>\n<p data-w-id=\"75119874-1579-76da-97ef-8cbc3b5fac82\" data-wf-id=\"[&quot;75119874-1579-76da-97ef-8cbc3b5fac82&quot;]\">O Decision Making Lab (DM.Lab), em conson\u00e2ncia com seus princ\u00edpios e valores vinculados a Lei Geral de Prote\u00e7\u00e3o de Dados (LGPD) e ao compromisso de excel\u00eancia com o cliente, estabelece a presente pol\u00edtica com o objetivo de esclarecer os usu\u00e1rios de seu site (<a href=\"https:\/\/viacava.com.br\" data-w-id=\"9b6916a7-27de-1485-d1ab-671877d1944d\" data-wf-id=\"[&quot;9b6916a7-27de-1485-d1ab-671877d1944d&quot;]\">https:\/\/viacava.com.br<\/a>) sobre os cookies utilizados que podem coletar informa\u00e7\u00f5es do usu\u00e1rio durante a sua navega\u00e7\u00e3o.<\/p>\n<h3 data-w-id=\"5923fee3-9bfe-a824-1f49-5370d3a876e4\" data-wf-id=\"[&quot;5923fee3-9bfe-a824-1f49-5370d3a876e4&quot;]\">2. O que s\u00e3o cookies?<\/h3>\n<p data-w-id=\"64adfbb5-e70a-1b0c-4dc7-dbf3198b1ec5\" data-wf-id=\"[&quot;64adfbb5-e70a-1b0c-4dc7-dbf3198b1ec5&quot;]\"><em data-w-id=\"b1e04b3c-9f1c-31bf-b272-baa1805b8a48\" data-wf-id=\"[&quot;b1e04b3c-9f1c-31bf-b272-baa1805b8a48&quot;]\">Cookies <\/em>sa\u0303o pequenos arquivos de texto contendo informac\u0327o\u0303es da navegac\u0327a\u0303o do usua\u0301rio pelo <em data-w-id=\"2dfa6cc3-e348-4ed8-dfc0-78b7dc1119e3\" data-wf-id=\"[&quot;2dfa6cc3-e348-4ed8-dfc0-78b7dc1119e3&quot;]\">site <\/em>e que sa\u0303o armazenadas no navegador computador ou no seu dispositivo mo\u0301vel. Estas informac\u0327o\u0303es coletadas durante a navegac\u0327a\u0303o permitem a realizac\u0327a\u0303o de determinadas funcionalidades dentro do pro\u0301prio <em data-w-id=\"cd7a99dc-4011-ab80-607d-f43211c74338\" data-wf-id=\"[&quot;cd7a99dc-4011-ab80-607d-f43211c74338&quot;]\">site, <\/em>tais como: personalizac\u0327a\u0303o de exibic\u0327a\u0303o da pa\u0301gina, relembrar as prefere\u0302ncias do usua\u0301rio, estati\u0301sticas para melhoria e correc\u0327a\u0303o de erros, etc.<\/p>\n<h3 data-w-id=\"30ca65ba-5a93-d2b7-8f23-aa8ad49ccc44\" data-wf-id=\"[&quot;30ca65ba-5a93-d2b7-8f23-aa8ad49ccc44&quot;]\">3. Cookies existentes no site do DM.Lab e tipos informa\u00e7\u00f5es capturadas<\/h3>\n<p data-w-id=\"5a6c596a-6c01-bbba-80e4-ac0c560efcde\" data-wf-id=\"[&quot;5a6c596a-6c01-bbba-80e4-ac0c560efcde&quot;]\">O <em data-w-id=\"3a21ba14-42da-3595-c44e-12c68bb38608\" data-wf-id=\"[&quot;3a21ba14-42da-3595-c44e-12c68bb38608&quot;]\">site <\/em>do DM.Lab utiliza apenas <em data-w-id=\"4756e190-5dfc-c0ab-134f-0e9bd6e35a47\" data-wf-id=\"[&quot;4756e190-5dfc-c0ab-134f-0e9bd6e35a47&quot;]\">cookies <\/em>anali\u0301ticos, que registram o histo\u0301rico de navegac\u0327a\u0303o pelas pa\u0301ginas do <em data-w-id=\"aed92e18-8a81-f3be-81da-b877d620e225\" data-wf-id=\"[&quot;aed92e18-8a81-f3be-81da-b877d620e225&quot;]\">site, <\/em>informac\u0327o\u0303es de origem do acesso entre as pa\u0301ginas do <em data-w-id=\"71d718df-6e93-b8c6-2f45-7e60c3523574\" data-wf-id=\"[&quot;71d718df-6e93-b8c6-2f45-7e60c3523574&quot;]\">site<\/em>, identificam a experie\u0302ncia geral e as a\u0301reas do website que necessitam de manutenc\u0327a\u0303o:<\/p>\n<ul role=\"list\" data-w-id=\"5829b53b-0e25-87a7-a224-40f78c399de6\" data-wf-id=\"[&quot;5829b53b-0e25-87a7-a224-40f78c399de6&quot;]\">\n<li data-w-id=\"fb841920-a9e3-dce8-5197-7f784838ffb9\" data-wf-id=\"[&quot;fb841920-a9e3-dce8-5197-7f784838ffb9&quot;]\"><strong data-w-id=\"203761ef-3e7d-9e5f-5f9e-35e5736312c8\" data-wf-id=\"[&quot;203761ef-3e7d-9e5f-5f9e-35e5736312c8&quot;]\">1P_JAR<\/strong>: e\u0301 um <em data-w-id=\"b284b604-b65c-cc37-e554-c87596269000\" data-wf-id=\"[&quot;b284b604-b65c-cc37-e554-c87596269000&quot;]\">cookie <\/em>do Google que define o ID exclusivo para lembrar as prefere\u0302ncias do usua\u0301rio e outras informac\u0327o\u0303es, tais como estati\u0301sticas do <em data-w-id=\"ec5e7f97-dd8a-e19f-c90c-3182687b926b\" data-wf-id=\"[&quot;ec5e7f97-dd8a-e19f-c90c-3182687b926b&quot;]\">site <\/em>e taxas de conversa\u0303o de rastreamento. As poli\u0301ticas do Google podem ser visualizadas em <a href=\"https:\/\/policies.google.com\/technologies\/types\" data-w-id=\"8e781850-e3d6-7c10-5f00-8be832ab744c\" data-wf-id=\"[&quot;8e781850-e3d6-7c10-5f00-8be832ab744c&quot;]\">https:\/\/policies.google.com\/technologies\/types<\/a>.<\/li>\n<li data-w-id=\"4e7031b1-0b85-8e5f-a02a-7748b932249c\" data-wf-id=\"[&quot;4e7031b1-0b85-8e5f-a02a-7748b932249c&quot;]\"><strong data-w-id=\"8959e35a-6206-2cbd-9846-40e27405820b\" data-wf-id=\"[&quot;8959e35a-6206-2cbd-9846-40e27405820b&quot;]\">cookielawinfo-checkbox-non-necessary<\/strong>: e\u0301 um <em data-w-id=\"436349a0-af74-f183-3aff-9cd88abc3f6f\" data-wf-id=\"[&quot;436349a0-af74-f183-3aff-9cd88abc3f6f&quot;]\">cookie <\/em>de consentimento, faz parte do plugin que exibe a barra de aviso de <em data-w-id=\"1d509f6c-0cae-9841-05f5-70d9ba4ab820\" data-wf-id=\"[&quot;1d509f6c-0cae-9841-05f5-70d9ba4ab820&quot;]\">cookies<\/em>.<\/li>\n<li data-w-id=\"a2bf059e-274c-c956-a0d8-abc93cb5d347\" data-wf-id=\"[&quot;a2bf059e-274c-c956-a0d8-abc93cb5d347&quot;]\"><strong data-w-id=\"8ddcfca7-091e-41bc-b6b9-59d21a99e659\" data-wf-id=\"[&quot;8ddcfca7-091e-41bc-b6b9-59d21a99e659&quot;]\">wp-settings-time-1 | wp-settings-1<\/strong>: sa\u0303o utilizados pelo WordPress para personalizar a visualizac\u0327a\u0303o da interface de administrac\u0327a\u0303o e tambe\u0301m para a interface principal do <em data-w-id=\"d71e58b1-37af-9c72-7ace-bd6485e7b382\" data-wf-id=\"[&quot;d71e58b1-37af-9c72-7ace-bd6485e7b382&quot;]\">site<\/em>.<\/li>\n<\/ul>\n<p data-w-id=\"aa3a5388-1611-42f3-42ae-b4c80e56cea5\" data-wf-id=\"[&quot;aa3a5388-1611-42f3-42ae-b4c80e56cea5&quot;]\">Importante ressaltar que estes <em data-w-id=\"f855212e-6570-9015-42f5-8d3772f600fa\" data-wf-id=\"[&quot;f855212e-6570-9015-42f5-8d3772f600fa&quot;]\">cookies<\/em> n\u00e3o capturam informa\u00e7\u00f5es capazes de identificar pessoalmente o usu\u00e1rio, portanto, n\u00e3o capturam dados pessoais e s\u00e3o apenas utilizadas para fins estat\u00edsticos<\/p>\n<h3 data-w-id=\"66dbb6ff-70a5-d2a7-ad5d-70ed56896ac8\" data-wf-id=\"[&quot;66dbb6ff-70a5-d2a7-ad5d-70ed56896ac8&quot;]\">4. Finalidade<\/h3>\n<p data-w-id=\"99ebd557-bbf5-ae97-931e-aa9d414484ed\" data-wf-id=\"[&quot;99ebd557-bbf5-ae97-931e-aa9d414484ed&quot;]\">Os <em data-w-id=\"d23cf915-b03b-1a5d-4993-95c96321aa55\" data-wf-id=\"[&quot;d23cf915-b03b-1a5d-4993-95c96321aa55&quot;]\">cookies<\/em> utilizados no <em data-w-id=\"b8330ecc-2f57-969e-841a-421e4dd838ee\" data-wf-id=\"[&quot;b8330ecc-2f57-969e-841a-421e4dd838ee&quot;]\">site<\/em> do DM.Lab t\u00eam por objetivo, principalmente, fornecer informa\u00e7\u00f5es t\u00e9cnicas ao respons\u00e1vel pela manuten\u00e7\u00e3o do <em data-w-id=\"8564b84b-f008-60ef-a637-88c7a2512074\" data-wf-id=\"[&quot;8564b84b-f008-60ef-a637-88c7a2512074&quot;]\">site<\/em> a respeito do seu desempenho, como por exemplo, se todas as anima\u00e7\u00f5es e funcionalidades est\u00e3o sendo executadas corretamente, se o <em data-w-id=\"2bbcd3a2-90ab-15af-72cd-067477ef8039\" data-wf-id=\"[&quot;2bbcd3a2-90ab-15af-72cd-067477ef8039&quot;]\">site<\/em> apresentou algum erro, se existe a necessidade de algum reparo t\u00e9cnico e assegurar a exibi\u00e7\u00e3o e funcionalidade do pr\u00f3prio aviso <em data-w-id=\"7acad79a-2725-1ec1-c4e1-4a8cec13e2b8\" data-wf-id=\"[&quot;7acad79a-2725-1ec1-c4e1-4a8cec13e2b8&quot;]\">de cookies<\/em>.<\/p>\n<p data-w-id=\"8bd9fecc-079d-7389-f8de-1c99b5568eb5\" data-wf-id=\"[&quot;8bd9fecc-079d-7389-f8de-1c99b5568eb5&quot;]\">Outro objetivo \u00e9 a captura de informa\u00e7\u00f5es para a elabora\u00e7\u00e3o de relat\u00f3rios estat\u00edsticos com o intuito de entender o volume de acesso ao <em data-w-id=\"ed487ba0-93e3-2249-3734-2be64991aa9c\" data-wf-id=\"[&quot;ed487ba0-93e3-2249-3734-2be64991aa9c&quot;]\">site<\/em>, p\u00e1ginas mais visitadas, tr\u00e1fego (de onde os usu\u00e1rios vem para o <em data-w-id=\"b05a0998-9e10-ac6b-a94d-33d5735675af\" data-wf-id=\"[&quot;b05a0998-9e10-ac6b-a94d-33d5735675af&quot;]\">site<\/em> \u2013 redes sociais, buscas no Google, etc.), p\u00e1ginas\/ conte\u00fados de mais interesse, etc. Os relat\u00f3rios gerados pelo Google s\u00e3o utilizados pelo DM.Lab exclusivamente para an\u00e1lise interna com finalidades gerenciais, administrativas e estrat\u00e9gicas.<\/p>\n<h3 data-w-id=\"b9898142-4edd-9801-5e68-62f474408a16\" data-wf-id=\"[&quot;b9898142-4edd-9801-5e68-62f474408a16&quot;]\">5. Compartilhamento de dados pessoais<\/h3>\n<p data-w-id=\"f4760935-c898-f598-3dc2-034d6ae28742\" data-wf-id=\"[&quot;f4760935-c898-f598-3dc2-034d6ae28742&quot;]\">O DM.Lab n\u00e3o coleta e, portanto, n\u00e3o compartilha dados pessoais pelo seu site com terceiros. Igualmente, o DM.Lab n\u00e3o utiliza, n\u00e3o cede, n\u00e3o comercializa nenhum tipo de espa\u00e7o publicit\u00e1rio em seu site, raz\u00e3o pela qual n\u00e3o h\u00e1 qualquer tipo de <em data-w-id=\"222b0133-2fff-ae4f-4dee-c117061c8a73\" data-wf-id=\"[&quot;222b0133-2fff-ae4f-4dee-c117061c8a73&quot;]\">cookies<\/em> de terceiros (<em data-w-id=\"d155badd-9838-c370-9ccb-cb4660e6d23d\" data-wf-id=\"[&quot;d155badd-9838-c370-9ccb-cb4660e6d23d&quot;]\">third-party cookies<\/em>) dentro do seu site, n\u00e3o existe o chamado e n\u00e3o h\u00e1 qualquer cess\u00e3o das informa\u00e7\u00f5es capturadas pelos <em data-w-id=\"32d933ee-c3ed-3e35-f7f7-47859e94a9fa\" data-wf-id=\"[&quot;32d933ee-c3ed-3e35-f7f7-47859e94a9fa&quot;]\">cookies<\/em> com terceiros, alheios ao DM.Lab.<\/p>\n<h3 data-w-id=\"5c094b81-f8d7-8dda-3bdb-85a7b32c105c\" data-wf-id=\"[&quot;5c094b81-f8d7-8dda-3bdb-85a7b32c105c&quot;]\">6. Armazenamento<\/h3>\n<p data-w-id=\"18149fda-3d40-9014-e796-754ba38ca872\" data-wf-id=\"[&quot;18149fda-3d40-9014-e796-754ba38ca872&quot;]\">Os <em data-w-id=\"ac9c51b0-2a3e-bd2e-753c-7c2147bfae09\" data-wf-id=\"[&quot;ac9c51b0-2a3e-bd2e-753c-7c2147bfae09&quot;]\">cookies<\/em> do <em data-w-id=\"b8ec2a86-ceb5-2e88-1c33-291ed57ca5ff\" data-wf-id=\"[&quot;b8ec2a86-ceb5-2e88-1c33-291ed57ca5ff&quot;]\">Google Analytics<\/em> t\u00eam tempo de armazenamento de acordo com a sua funcionalidade. As informa\u00e7\u00f5es coletadas pelos <em data-w-id=\"791c1b74-6192-23de-bb95-e6c1fb463c5b\" data-wf-id=\"[&quot;791c1b74-6192-23de-bb95-e6c1fb463c5b&quot;]\">cookies<\/em> do site do DM.Lab armazenam as informa\u00e7\u00f5es por 30 (trinta) dias quando se referem \u00e0s prefer\u00eancias de usu\u00e1rio e dos indicadores da experi\u00eancia geral no site. Por sua vez, os cookies que personalizam a interface da administra\u00e7\u00e3o e a interface principal do site para o p\u00fablico, assim como aqueles relativos \u00e0 sua exibi\u00e7\u00e3o e funcionalidade ficam armazenados pelo per\u00edodo de um ano.<\/p>\n<h3 data-w-id=\"c9f8709e-2b7b-0ddd-635c-83d7a650e114\" data-wf-id=\"[&quot;c9f8709e-2b7b-0ddd-635c-83d7a650e114&quot;]\">7. Gerenciamento de cookies<\/h3>\n<p data-w-id=\"ebc22cd9-2f4e-db59-e6d8-b843d0da8bea\" data-wf-id=\"[&quot;ebc22cd9-2f4e-db59-e6d8-b843d0da8bea&quot;]\">Voc\u00ea poder\u00e1 configurar as prefer\u00eancias de <em data-w-id=\"b8c90d04-0295-b75c-7ef5-715513c93bce\" data-wf-id=\"[&quot;b8c90d04-0295-b75c-7ef5-715513c93bce&quot;]\">cookies<\/em> do <em data-w-id=\"6b5cb990-967d-b8bf-c283-bc2ed68e685e\" data-wf-id=\"[&quot;6b5cb990-967d-b8bf-c283-bc2ed68e685e&quot;]\">site<\/em> do DM.Lab diretamente no seu navegador, maiores informa\u00e7\u00f5es est\u00e3o dispon\u00edveis nos <em data-w-id=\"21a25e44-af39-6a1e-916e-03ee821cbe68\" data-wf-id=\"[&quot;21a25e44-af39-6a1e-916e-03ee821cbe68&quot;]\">links<\/em> abaixo ou visitando o <em data-w-id=\"03459fa6-4376-c97a-4136-30cefd0b4673\" data-wf-id=\"[&quot;03459fa6-4376-c97a-4136-30cefd0b4673&quot;]\">site<\/em> desenvolvedor do seu navegador:<\/p>\n<ul role=\"list\" data-w-id=\"7f71f189-d87a-d2dc-21f7-75f085a95624\" data-wf-id=\"[&quot;7f71f189-d87a-d2dc-21f7-75f085a95624&quot;]\">\n<li data-w-id=\"66cfe518-6793-69d5-f183-aa9f58e83770\" data-wf-id=\"[&quot;66cfe518-6793-69d5-f183-aa9f58e83770&quot;]\"><strong data-w-id=\"da95a9ef-43e2-c0b0-9df2-2679151262be\" data-wf-id=\"[&quot;da95a9ef-43e2-c0b0-9df2-2679151262be&quot;]\">Chrome:<\/strong> <a href=\"https:\/\/support.google.com\/chrome\/answer\/95647?co=GENIE.Platform%3DDesktop&amp;hl=pt-BR\" data-w-id=\"53c3dfe6-d6ad-acfa-afcf-0fe8fae559a2\" data-wf-id=\"[&quot;53c3dfe6-d6ad-acfa-afcf-0fe8fae559a2&quot;]\">https:\/\/support.google.com\/chrome\/answer\/95647?co=GENIE.Platform%3DDesktop&amp;hl=pt-BR<\/a><\/li>\n<li data-w-id=\"22990e11-cd9a-047a-7196-474123d4c48a\" data-wf-id=\"[&quot;22990e11-cd9a-047a-7196-474123d4c48a&quot;]\"><strong data-w-id=\"50bdb91f-96f4-b8de-5199-cc6c01c3f5a5\" data-wf-id=\"[&quot;50bdb91f-96f4-b8de-5199-cc6c01c3f5a5&quot;]\">Firefox:<\/strong> <a href=\"https:\/\/support.mozilla.org\/pt-BR\/kb\/limpe-cookies-e-dados-de-sites-no-firefox\" data-w-id=\"9b6b1bab-c0c3-bc31-04e0-6bbf752ef7fb\" data-wf-id=\"[&quot;9b6b1bab-c0c3-bc31-04e0-6bbf752ef7fb&quot;]\">https:\/\/support.mozilla.org\/pt-BR\/kb\/limpe-cookies-e-dados-de-sites-no-firefox<\/a><\/li>\n<li data-w-id=\"5ec3ad9f-a656-2adc-ffab-6d1196e20589\" data-wf-id=\"[&quot;5ec3ad9f-a656-2adc-ffab-6d1196e20589&quot;]\"><strong data-w-id=\"a3857c1c-fb69-584e-9a0f-55c71da998cd\" data-wf-id=\"[&quot;a3857c1c-fb69-584e-9a0f-55c71da998cd&quot;]\">Internet Explorer:<\/strong> <a href=\"https:\/\/support.microsoft.com\/pt-br\/help\/278835\/how-to-delete-cookie-files-in-internet- explorer\" data-w-id=\"b9d60a86-922f-5410-8610-f75fc4ddc719\" data-wf-id=\"[&quot;b9d60a86-922f-5410-8610-f75fc4ddc719&quot;]\">https:\/\/support.microsoft.com\/pt-br\/help\/278835\/how-to-delete-cookie-files-in-internet- explorer<\/a><\/li>\n<li data-w-id=\"ec7e3bce-8b27-c286-56b9-3f0b7d748b4c\" data-wf-id=\"[&quot;ec7e3bce-8b27-c286-56b9-3f0b7d748b4c&quot;]\"><strong data-w-id=\"9aa54cf5-e129-d703-eafa-e15e9c3814c3\" data-wf-id=\"[&quot;9aa54cf5-e129-d703-eafa-e15e9c3814c3&quot;]\">Microsoft Edge:<\/strong> <a href=\"https:\/\/support.microsoft.com\/pt-br\/windows\/microsoft-edge-dados-de- navega%C3%A7%C3%A3o-e-privacidade-bb8174ba-9d73-dcf2-9b4a-c582b4e640dd\" data-w-id=\"48034b11-d80b-4abe-984d-9139a5fd26a4\" data-wf-id=\"[&quot;48034b11-d80b-4abe-984d-9139a5fd26a4&quot;]\">https:\/\/support.microsoft.com\/pt-br\/windows\/microsoft-edge-dados-de- navega%C3%A7%C3%A3o-e-privacidade-bb8174ba-9d73-dcf2-9b4a-c582b4e640dd<\/a><\/li>\n<li data-w-id=\"a65865cf-9b8f-271b-9408-4ad2cf88c1a5\" data-wf-id=\"[&quot;a65865cf-9b8f-271b-9408-4ad2cf88c1a5&quot;]\"><strong data-w-id=\"134dfc32-1930-e4c9-10a3-8cd6771a3ba4\" data-wf-id=\"[&quot;134dfc32-1930-e4c9-10a3-8cd6771a3ba4&quot;]\">Opera:<\/strong> <a href=\"https:\/\/help.opera.com\/en\/latest\/web-preferences\/\" data-w-id=\"31e64a2d-9c4b-bbbb-1252-30e2860f0b1f\" data-wf-id=\"[&quot;31e64a2d-9c4b-bbbb-1252-30e2860f0b1f&quot;]\">https:\/\/help.opera.com\/en\/latest\/web-preferences\/<\/a><\/li>\n<li data-w-id=\"8d9866a0-cce0-8145-c77e-74f1863753cf\" data-wf-id=\"[&quot;8d9866a0-cce0-8145-c77e-74f1863753cf&quot;]\"><strong data-w-id=\"64caaaa6-e977-7ef8-d1a7-5114a4f380d7\" data-wf-id=\"[&quot;64caaaa6-e977-7ef8-d1a7-5114a4f380d7&quot;]\">Safari:<\/strong> <a href=\"https:\/\/support.apple.com\/pt-br\/guide\/safari\/sfri11471\/mac\" data-w-id=\"482e9593-d99d-b52a-ac5a-c79ab874d39c\" data-wf-id=\"[&quot;482e9593-d99d-b52a-ac5a-c79ab874d39c&quot;]\">https:\/\/support.apple.com\/pt-br\/guide\/safari\/sfri11471\/mac<\/a><\/li>\n<\/ul>\n<p data-w-id=\"9f4a47b4-b8c4-a4c2-75f4-71a43b205580\" data-wf-id=\"[&quot;9f4a47b4-b8c4-a4c2-75f4-71a43b205580&quot;]\">O DM.Lab destaca que \u00e9 poss\u00edvel a utiliza\u00e7\u00e3o integral do seu <em data-w-id=\"edecc28d-4218-546e-2e28-143b70770c20\" data-wf-id=\"[&quot;edecc28d-4218-546e-2e28-143b70770c20&quot;]\">site<\/em>, com todas as funcionalidades e recursos, sem utiliza\u00e7\u00e3o de <em data-w-id=\"d7615d22-62ee-393b-d2c6-e5f08151e4dd\" data-wf-id=\"[&quot;d7615d22-62ee-393b-d2c6-e5f08151e4dd&quot;]\">cookies<\/em>, basta voc\u00ea realizar o gerenciamento de cookies seguindo os procedimentos do desenvolvedor do seu navegador.<\/p>\n<h3 data-w-id=\"b8af84cd-865e-e581-5ab8-682ff993e771\" data-wf-id=\"[&quot;b8af84cd-865e-e581-5ab8-682ff993e771&quot;]\">8. Disposi\u00e7\u00f5es finais<\/h3>\n<p data-w-id=\"601a111c-01cb-4e10-37d7-c99014f32fd8\" data-wf-id=\"[&quot;601a111c-01cb-4e10-37d7-c99014f32fd8&quot;]\">A presente pol\u00edtica entra em vigor na data da sua aprova\u00e7\u00e3o pela diretoria do DM.Lab.<\/p>\n","protected":false},"excerpt":{"rendered":"<p>1. Objetivo O Decision Making Lab (DM.Lab), em conson\u00e2ncia com seus princ\u00edpios e valores vinculados a Lei Geral de Prote\u00e7\u00e3o de Dados (LGPD) e ao compromisso de excel\u00eancia com o cliente, estabelece a presente pol\u00edtica com o objetivo de esclarecer os usu\u00e1rios de seu site (https:\/\/viacava.com.br) sobre os cookies utilizados que podem coletar informa\u00e7\u00f5es do [&hellip;]<\/p>\n","protected":false},"author":1,"featured_media":0,"parent":0,"menu_order":0,"comment_status":"closed","ping_status":"closed","template":"","meta":{"inline_featured_image":false,"footnotes":""},"class_list":["post-489","page","type-page","status-publish","hentry"],"_links":{"self":[{"href":"https:\/\/viacava.com.br\/en\/wp-json\/wp\/v2\/pages\/489","targetHints":{"allow":["GET"]}}],"collection":[{"href":"https:\/\/viacava.com.br\/en\/wp-json\/wp\/v2\/pages"}],"about":[{"href":"https:\/\/viacava.com.br\/en\/wp-json\/wp\/v2\/types\/page"}],"author":[{"embeddable":true,"href":"https:\/\/viacava.com.br\/en\/wp-json\/wp\/v2\/users\/1"}],"replies":[{"embeddable":true,"href":"https:\/\/viacava.com.br\/en\/wp-json\/wp\/v2\/comments?post=489"}],"version-history":[{"count":4,"href":"https:\/\/viacava.com.br\/en\/wp-json\/wp\/v2\/pages\/489\/revisions"}],"predecessor-version":[{"id":526,"href":"https:\/\/viacava.com.br\/en\/wp-json\/wp\/v2\/pages\/489\/revisions\/526"}],"wp:attachment":[{"href":"https:\/\/viacava.com.br\/en\/wp-json\/wp\/v2\/media?parent=489"}],"curies":[{"name":"wp","href":"https:\/\/api.w.org\/{rel}","templated":true}]}}